{"id":80,"date":"2016-06-22T00:55:28","date_gmt":"2016-06-21T22:55:28","guid":{"rendered":"http:\/\/www.republiklippe.de\/blog\/?page_id=80"},"modified":"2016-06-22T17:19:13","modified_gmt":"2016-06-22T15:19:13","slug":"republik-lippe","status":"publish","type":"page","link":"http:\/\/www.republiklippe.de\/blog\/republik-lippe\/","title":{"rendered":"Republik Lippe"},"content":{"rendered":"<p class=\"size16\"><strong><span class=\"size18_red_nounderline_fat\"><span class=\"size16_fat_no_underline_black\"><span class=\"size18\"><span class=\"size24\">Republik Lippe &#8211; Neues\u00a0\u00fcber die Umweltpolitik im\u00a0Wolkenkuckuckskreis<\/span><\/span><\/span><\/span><\/strong><\/p>\n<p class=\"size16\">Die Umweltpolitik des Kreises Lippe aus einem pers\u00f6nlichen Blickwinkel kritisch, polemisch und humorvoll beleuchtet.<\/p>\n<p><span class=\"size18_red_nounderline_fat\"><span class=\"size16_fat_no_underline_black\">Vorab, um allen Missverst\u00e4ndnissen humorloser Zeitgenossen vorzubeugen:<br \/>\n<span class=\"size16_red_nounderline_fat\">Wir planen keinen Umsturz, sondern eine freundliche, friedliche und nicht zuletzt eben humorvolle Revolution echter Nachhaltigkeit! <\/span><\/span><\/span><\/p>\n<p class=\"size16\"><span class=\"size18_red_nounderline_fat\"><span class=\"size16_fat_no_underline_black\"><span class=\"size16_red_nounderline_fat\">Wir leben und vernetzen sozial-alternative nachhaltige Projekte und Initiativen in Lippe<\/span> und meinen es (bei allem Humor) ernst mit der Nachhaltigkeit. Wir wollen au\u00dferdem Themen wie &#8222;Effizienz&#8220; und &#8222;Suffizienz&#8220; diskutieren, weil wir glauben, dass eine effektive &#8222;\u00d6ko-Maschine&#8220; allein die auf uns zukommenden Probleme auf Dauer nicht l\u00f6st.<br \/>\n<\/span><\/span><\/p>\n<p class=\"size24\"><strong>Kirchturmpolitik<\/strong>?<\/p>\n<p class=\"size16\"><strong>Die Kirchturmpolitik der Lippischen St\u00e4dte und Gemeinden schadet der Entwicklung einer Kultur der Nachhaltigkeit in Lippe. Die Innenst\u00e4dte ver\u00f6den, weil der Handel autogerecht auf den Acker verlegt wurde und immer noch verlegt wird. Immer neue Gewerbegebiete werden ausgewiesen und verschandeln unsere sch\u00f6ne Landschaft.<\/strong><\/p>\n<p class=\"size16\"><strong>Die Fu\u00dfg\u00e4ngerzonen an einem Freitag Abend sind menschenleer, w\u00e4hrend die Umgehungsstra\u00dfen mit einem endlosen Strom an Autos gef\u00fcllt sind. <\/strong><strong>Das muss nicht so sein und wir wollen dazu beitragen, dass sich das \u00e4ndert, denn, gem\u00e4\u00df unserem Motto, &#8222;es geht auch anders&#8220; &#8211; und zwar besser f\u00fcr alle Beteiligten. <\/strong><\/p>\n<p class=\"size16_red_nounderline_fat\"><strong>Wir setzen auf das (Elektro-)Fahrrad als Individualverkehrsmittel der Zukunft und auf Gemeinschaftswohnprojekte, um Ressourcen zu sparen, die Lebensqualit\u00e4t zu verbessern und den Menschen ein solidarisches Miteinander zu erm\u00f6glichen. <\/strong><\/p>\n<p class=\"size16_red_nounderline_fat\"><strong><img loading=\"lazy\" class=\"alignnone size-large wp-image-27\" src=\"http:\/\/www.republiklippe.de\/blog\/wp-content\/uploads\/2016\/06\/IMG_5467-1024x768.jpg\" alt=\"IMG_5467\" width=\"720\" height=\"540\" srcset=\"http:\/\/www.republiklippe.de\/blog\/wp-content\/uploads\/2016\/06\/IMG_5467-1024x768.jpg 1024w, http:\/\/www.republiklippe.de\/blog\/wp-content\/uploads\/2016\/06\/IMG_5467-300x225.jpg 300w, http:\/\/www.republiklippe.de\/blog\/wp-content\/uploads\/2016\/06\/IMG_5467-768x576.jpg 768w, http:\/\/www.republiklippe.de\/blog\/wp-content\/uploads\/2016\/06\/IMG_5467-1200x900.jpg 1200w\" sizes=\"(max-width: 720px) 100vw, 720px\" \/><\/strong><\/p>\n","protected":false},"excerpt":{"rendered":"<p>Republik Lippe &#8211; Neues\u00a0\u00fcber die Umweltpolitik im\u00a0Wolkenkuckuckskreis Die Umweltpolitik des Kreises Lippe aus einem pers\u00f6nlichen Blickwinkel kritisch, polemisch und humorvoll beleuchtet. Vorab, um allen Missverst\u00e4ndnissen humorloser Zeitgenossen vorzubeugen: Wir planen keinen Umsturz, sondern eine freundliche, friedliche und nicht zuletzt eben humorvolle Revolution echter Nachhaltigkeit! Wir leben und vernetzen sozial-alternative nachhaltige Projekte und Initiativen in Lippe [&hellip;]<\/p>\n","protected":false},"author":1,"featured_media":0,"parent":0,"menu_order":0,"comment_status":"closed","ping_status":"closed","template":"","meta":[],"_links":{"self":[{"href":"http:\/\/www.republiklippe.de\/blog\/wp-json\/wp\/v2\/pages\/80"}],"collection":[{"href":"http:\/\/www.republiklippe.de\/blog\/wp-json\/wp\/v2\/pages"}],"about":[{"href":"http:\/\/www.republiklippe.de\/blog\/wp-json\/wp\/v2\/types\/page"}],"author":[{"embeddable":true,"href":"http:\/\/www.republiklippe.de\/blog\/wp-json\/wp\/v2\/users\/1"}],"replies":[{"embeddable":true,"href":"http:\/\/www.republiklippe.de\/blog\/wp-json\/wp\/v2\/comments?post=80"}],"version-history":[{"count":15,"href":"http:\/\/www.republiklippe.de\/blog\/wp-json\/wp\/v2\/pages\/80\/revisions"}],"predecessor-version":[{"id":104,"href":"http:\/\/www.republiklippe.de\/blog\/wp-json\/wp\/v2\/pages\/80\/revisions\/104"}],"wp:attachment":[{"href":"http:\/\/www.republiklippe.de\/blog\/wp-json\/wp\/v2\/media?parent=80"}],"curies":[{"name":"wp","href":"https:\/\/api.w.org\/{rel}","templated":true}]}}