{"id":515,"date":"2022-03-26T10:33:27","date_gmt":"2022-03-26T09:33:27","guid":{"rendered":"http:\/\/www.republiklippe.de\/blog\/?page_id=515"},"modified":"2022-03-26T10:55:35","modified_gmt":"2022-03-26T09:55:35","slug":"hornoldendorf","status":"publish","type":"page","link":"http:\/\/www.republiklippe.de\/blog\/hornoldendorf\/","title":{"rendered":"Hornoldendorf"},"content":{"rendered":"\n<figure class=\"wp-block-image\"><img loading=\"lazy\" width=\"1024\" height=\"576\" src=\"http:\/\/www.republiklippe.de\/blog\/wp-content\/uploads\/2022\/03\/P1870432-1024x576.jpg\" alt=\"\" class=\"wp-image-522\" srcset=\"http:\/\/www.republiklippe.de\/blog\/wp-content\/uploads\/2022\/03\/P1870432-1024x576.jpg 1024w, http:\/\/www.republiklippe.de\/blog\/wp-content\/uploads\/2022\/03\/P1870432-300x169.jpg 300w, http:\/\/www.republiklippe.de\/blog\/wp-content\/uploads\/2022\/03\/P1870432-768x432.jpg 768w\" sizes=\"(max-width: 1024px) 100vw, 1024px\" \/><figcaption>Hornoldendorf &#8211; Das sch\u00f6nste Dorf in Detmold ist von brachialen Planungen akut gef\u00e4hrdet<br> <\/figcaption><\/figure>\n\n\n\n<h4>HRB Wiembecke<\/h4>\n\n\n\n<h2 id=\"mce_2\">Dieses Projekt ist ein Skandal!<\/h2>\n\n\n\n<p>W\u00e4hrend in ganz\nDeutschland, und auch im Kreis Lippe, f\u00fcr Milliardenbetr\u00e4ge Flie\u00dfgew\u00e4sser\n\u201erenaturiert\u201c werden, m\u00f6chte man an der Wiembecke in Hornoldendorf in die\nentgegengesetzte Richtung gehen. Der Grund daf\u00fcr ist leicht zu erkennen: Der\nHochwasserschutz ist hier n\u00e4mlich nur ein willkommener Vorwand, mit dem man\nbuchst\u00e4blich auf Bauern- und B\u00fcrgerfang geht. Hochwasserschutz, das kommt immer\ngut an. Das eigentliche Ziel, das verfolgt wird, ist aber der Bau einer\nUmgehungsstra\u00dfe f\u00fcr Detmolds sch\u00f6nstes Dorf &#8211; was es nach dem Bau nicht mehr\nsein wird.<\/p>\n\n\n\n<p>Doch ein 12 Meter\nhoher Damm, quer zur Wiembecke, mitsamt <a href=\"https:\/\/www.lz.de\/lippe\/bad_salzuflen\/23196576_So-soll-ein-15-Millionen-Projekt-eine-verheerende-Werre-Flut-verhindern.html\">Br\u00fccke und Sperrwerk<\/a>, mitten durch diese idyllische\nKulturlandschaft, die viele Wanderer und Spazierg\u00e4nger aufsuchen, widerspricht\nv\u00f6llig allen Anstrengungen im Rest der Republik Fluss- und Bachl\u00e4ufe zu\n\u201erenaturieren\u201c. Eine \u201eRenaturierung\u201c dagegen ist genau das was die Sch\u00f6nheit\nund Intaktheit dieser Landschaft UND gleichzeitig den Hochwasserschutz\nerheblich verbessern und aufwerten w\u00fcrde. Denn: die Agrarfl\u00e4che oberhalb\n(flussaufw\u00e4rts) von Hornoldendorf, zwischen Wiembecke und Externsteinsra\u00dfe,\nwurde nach dem 2. Weltkrieg, vermutlich im Zusammenhang mit dem Bau der\nExternsteinstra\u00dfe, aufgesch\u00fcttet. Auch sp\u00e4ter noch, bis Anfang der 90er Jahr,\nwurde Erdreich und Abraum im heutigen Naturschutzgebiet des NABU, das sich\ndirekt oberhalb des geplanten Dammes befindet, abgeladen. Mit diesen\nAufsch\u00fcttungen wurde damals, als man sich \u00fcber solche Probleme offenbar so gar\nkeine Gedanken machte, die Hochwassergefahr deutlich erh\u00f6ht. Denn die Wiembecke\nkonnte an dieser Stelle nun kaum noch \u00fcber das Ufer steigen und erh\u00f6hte somit die\nGefahr, dass sie Hornoldendorf und Heilgenkirchen (etc.) \u00fcberschwemmt.<\/p>\n\n\n\n<p>W\u00fcrde man also,\nwie seit 2020 in Heilgenkirchen (nur 2km flussabw\u00e4rts des geplanten Dammes!),\neine Aue schaffen, also ein Gel\u00e4nde, das bei Hochwasser \u00fcberfluten kann\/darf,\ndann k\u00f6nnte in Hornoldendorf Naturschutz direkt mit Hochwasserschutz verbunden\nwerden. Auenlandschaften sind n\u00e4mlich aus beiden Aspekten heraus das Mittel der\nWahl und zugleich preiswert und pflegeleicht. Dagegen soll der \u201eDamm\u201c in\nHornoldendorf, nur f\u00fcr den Bau, bereits 6,5 Millionen Euro verschlingen! Danach\nsind monatliche Kosten von mindestens \u20ac1.000.- Euro einkalkuliert. Die Anlegung\neiner Aue w\u00fcrde einmalig und ohne weitere Kosten einen Bruchteil davon kosten. <\/p>\n\n\n\n<p>Und w\u00e4hrend in\nganz Deutschland, und auch in Lippe (Br\u00fccke Vo\u00dfheide, Ostwestfalenstra\u00dfe)\nzahlreiche Br\u00fccken bauf\u00e4llig sind und sogar Autobahnabschnitte daf\u00fcr\ngeschlossen werden m\u00fcssen, baut man im Kreis Lippe st\u00e4ndig neue. Ein\nHochwasserr\u00fcckhaltebecken (HRB), wie in Hornoldendorf geplant, ist auch immer ein\nhalbes Br\u00fcckenbauwerk, da der \u201eDamm\u201c ja auch einen Durchlass haben muss. Mit\ndiesem \u201eDamm\u201c gesellen sich also weitere \u201eEwigkeitskosten\u201c zu den zigtausenden\nAutobr\u00fccken in Deutschland, die in den n\u00e4chsten Jahrzehnten gigantische Summen\nf\u00fcr ihre Erhaltung und ihren Neubau verschlingen werden.<\/p>\n\n\n\n<p>Dieses \u201eDamm\u201c-Projekt (HRB Wiembecke), aus der Mottenkiste der 70er Jahre, soll nun die Hochwasserprobleme l\u00f6sen, die die gleichen Bauherren schon in der Vergangenheit mit gleicherma\u00dfen viel Beton zu l\u00f6sen glaubten. Damals hie\u00df das Zauberwort irrsinnigerweise \u201eBegradigung\u201c (was die Probleme verschlimmerte) heute glaubt man offenbar immer noch die Probleme mit Beton l\u00f6sen zu k\u00f6nnen. Auf der Strecke bleibt die Natur und die Sch\u00f6nheit unserer Kulturlandschaften. En passant beschleunigt man noch den Verkehr und schafft Anreize das Auto zu benutzen. Das hat mit \u201eInnovation\u201c, die gerade auch vom Detmolder B\u00fcrgermeister beschworen wird, rein gar nichts zu tun und Klimaschutz wird konterkariert. <\/p>\n\n\n\n<h2>LZ vom 1.3.2022: &nbsp;<\/h2>\n\n\n\n<p>Zw\u00f6lf Meter hoher Damm f\u00fcr Hornoldendorf geplant <a href=\"https:\/\/www.lz.de\/lippe\/detmold\/23206130_Zwoelf-Meter-hoher-Damm-geplant.html\">https:\/\/www.lz.de\/lippe\/detmold\/23206130_Zwoelf-Meter-hoher-Damm-geplant.html<\/a><\/p>\n\n\n\n<h2>Der Stand der Planungen des Werre-Wasserverbandes: <\/h2>\n\n\n\n<p><strong>Werre Wasserverband \u2013 HRB Wiembecke<\/strong><\/p>\n\n\n\n<p><a href=\"https:\/\/www.wwv.nrw\/anlagen\/planung\/hrb-wiembecke\/\">https:\/\/www.wwv.nrw\/anlagen\/planung\/hrb-wiembecke\/<\/a><\/p>\n","protected":false},"excerpt":{"rendered":"<p>HRB Wiembecke Dieses Projekt ist ein Skandal! W\u00e4hrend in ganz Deutschland, und auch im Kreis Lippe, f\u00fcr Milliardenbetr\u00e4ge Flie\u00dfgew\u00e4sser \u201erenaturiert\u201c werden, m\u00f6chte man an der Wiembecke in Hornoldendorf in die entgegengesetzte Richtung gehen. Der Grund daf\u00fcr ist leicht zu erkennen: Der Hochwasserschutz ist hier n\u00e4mlich nur ein willkommener Vorwand, mit dem man buchst\u00e4blich auf Bauern- [&hellip;]<\/p>\n","protected":false},"author":1,"featured_media":522,"parent":0,"menu_order":0,"comment_status":"closed","ping_status":"closed","template":"","meta":[],"_links":{"self":[{"href":"http:\/\/www.republiklippe.de\/blog\/wp-json\/wp\/v2\/pages\/515"}],"collection":[{"href":"http:\/\/www.republiklippe.de\/blog\/wp-json\/wp\/v2\/pages"}],"about":[{"href":"http:\/\/www.republiklippe.de\/blog\/wp-json\/wp\/v2\/types\/page"}],"author":[{"embeddable":true,"href":"http:\/\/www.republiklippe.de\/blog\/wp-json\/wp\/v2\/users\/1"}],"replies":[{"embeddable":true,"href":"http:\/\/www.republiklippe.de\/blog\/wp-json\/wp\/v2\/comments?post=515"}],"version-history":[{"count":9,"href":"http:\/\/www.republiklippe.de\/blog\/wp-json\/wp\/v2\/pages\/515\/revisions"}],"predecessor-version":[{"id":525,"href":"http:\/\/www.republiklippe.de\/blog\/wp-json\/wp\/v2\/pages\/515\/revisions\/525"}],"wp:featuredmedia":[{"embeddable":true,"href":"http:\/\/www.republiklippe.de\/blog\/wp-json\/wp\/v2\/media\/522"}],"wp:attachment":[{"href":"http:\/\/www.republiklippe.de\/blog\/wp-json\/wp\/v2\/media?parent=515"}],"curies":[{"name":"wp","href":"https:\/\/api.w.org\/{rel}","templated":true}]}}